{"id":304,"date":"2024-01-19T11:37:39","date_gmt":"2024-01-19T10:37:39","guid":{"rendered":"https:\/\/belfortestart.com\/?page_id=304"},"modified":"2024-01-23T16:35:50","modified_gmt":"2024-01-23T15:35:50","slug":"espace-presse","status":"publish","type":"page","link":"https:\/\/belfortestart.com\/index.php\/espace-presse\/","title":{"rendered":"Espace Presse"},"content":{"rendered":"\n<div class=\"wp-block-columns is-layout-flex wp-container-core-columns-is-layout-5016e1a0 wp-block-columns-is-layout-flex\">\n<div class=\"wp-block-column is-layout-flow wp-block-column-is-layout-flow\" style=\"flex-basis:50%\">\n<div class=\"wp-block-group has-global-padding is-layout-constrained wp-block-group-is-layout-constrained\">\n<h2 class=\"wp-block-heading\">Dossiers et communiqu\u00e9s de presse<\/h2>\n\n\n\n<div class=\"wp-block-group has-global-padding is-layout-constrained wp-block-group-is-layout-constrained\">\n<h4 class=\"wp-block-heading has-accent-color has-text-color has-link-color wp-elements-5d00f8e89453dba1ab46f80111194c33\">2024<\/h4>\n\n\n\n<p>&#8211;<\/p>\n<\/div>\n\n\n\n<div class=\"wp-block-group has-global-padding is-layout-constrained wp-block-group-is-layout-constrained\">\n<h4 class=\"wp-block-heading has-accent-color has-text-color has-link-color wp-elements-27b8bcc809d163275a30e634f440d673\">2023<\/h4>\n\n\n\n<p>&#8211;<\/p>\n<\/div>\n\n\n\n<div class=\"wp-block-group has-global-padding is-layout-constrained wp-block-group-is-layout-constrained\">\n<h4 class=\"wp-block-heading has-accent-color has-text-color has-link-color wp-elements-a6176bb937ec34554eb65763fc90925d\">2022<\/h4>\n\n\n\n<div class=\"wp-block-file\"><a id=\"wp-block-file--media-50124147-758d-4c0f-be38-353debd6d312\" href=\"https:\/\/belfortestart.com\/wp-content\/uploads\/2024\/01\/6-LR-6-11-2022.pdf\"><strong><mark style=\"background-color:rgba(0, 0, 0, 0)\" class=\"has-inline-color has-accent-color\">06-11-2022<\/mark><\/strong> L&#8217;Est R\u00e9publicain &#8211; Un quartier produisant sa propre \u00e9lectricit\u00e9 : une premi\u00e8re en France<\/a><\/div>\n\n\n\n<div class=\"wp-block-file\"><a id=\"wp-block-file--media-50124147-758d-4c0f-be38-353debd6d312\" href=\"https:\/\/belfortestart.com\/wp-content\/uploads\/2024\/01\/5-LR-Territoire-de-Belfort.-Des-subventions-pour-les-projets-technologiques-davenir-18-10-2022.pdf\"><strong><mark style=\"background-color:rgba(0, 0, 0, 0)\" class=\"has-inline-color has-accent-color\">18-10-2022<\/mark><\/strong> L&#8217;Est R\u00e9publicain &#8211; Territoire de Belfort: Des subventions pour les projets technologiques d&#8217;avenir<\/a><\/div>\n\n\n\n<div class=\"wp-block-file\"><a id=\"wp-block-file--media-50124147-758d-4c0f-be38-353debd6d312\" href=\"https:\/\/belfortestart.com\/wp-content\/uploads\/2024\/01\/4-EcosystemeHydrogene-GrandBelfort-18juin2022.pdf\"><strong><mark style=\"background-color:rgba(0, 0, 0, 0)\" class=\"has-inline-color has-accent-color\">18-06-2022<\/mark><\/strong> Grand Belfort &#8211; Ecosyst\u00e8me Hydrog\u00e8ne<\/a><\/div>\n\n\n\n<div class=\"wp-block-file\"><a id=\"wp-block-file--media-50124147-758d-4c0f-be38-353debd6d312\" href=\"https:\/\/belfortestart.com\/wp-content\/uploads\/2024\/01\/3-LR-26-03-2022.pdf\"><strong><mark style=\"background-color:rgba(0, 0, 0, 0)\" class=\"has-inline-color has-accent-color\">26-03-2022<\/mark><\/strong> L&#8217;Est R\u00e9publicain &#8211; Le Techn\u2019hom vise l\u2019autosuffisance \u00e9nerg\u00e9tique<\/a><\/div>\n\n\n\n<div class=\"wp-block-file\"><a id=\"wp-block-file--media-50124147-758d-4c0f-be38-353debd6d312\" href=\"https:\/\/belfortestart.com\/wp-content\/uploads\/2024\/01\/2-Belfort-_-le-Technhom-comme-ville-vitrine-du-developpement-durable-Le-Trois-25-03-2022.pdf\"><strong><mark style=\"background-color:rgba(0, 0, 0, 0)\" class=\"has-inline-color has-accent-color\">25-03-2022<\/mark><\/strong> Le Trois &#8211; Belfort: le Techn&#8217;hom comme ville vitrine du developpement durable<\/a><\/div>\n\n\n\n<div class=\"wp-block-file\"><a id=\"wp-block-file--media-50124147-758d-4c0f-be38-353debd6d312\" href=\"https:\/\/belfortestart.com\/wp-content\/uploads\/2024\/01\/1-LR-22-03-2022.pdf\"><strong><span style=\"text-decoration: underline;\"><mark style=\"background-color:rgba(0, 0, 0, 0)\" class=\"has-inline-color has-accent-color\">22-03-2022<\/mark><\/span><\/strong> L&#8217;Est R\u00e9publicain &#8211; A Belfort, un projet retenu sur le site du Techn&#8217;Hom<\/a><\/div>\n<\/div>\n<\/div>\n<\/div>\n\n\n\n<div class=\"wp-block-column is-layout-flow wp-container-core-column-is-layout-e8a512da wp-block-column-is-layout-flow\" style=\"padding-top:var(--wp--preset--spacing--x-small);padding-right:var(--wp--preset--spacing--x-small);padding-bottom:var(--wp--preset--spacing--x-small);padding-left:var(--wp--preset--spacing--x-small);flex-basis:50%\">\n<div class=\"wp-block-group has-global-padding is-layout-constrained wp-container-core-group-is-layout-abafbc0d wp-block-group-is-layout-constrained\" style=\"border-width:1px;border-radius:10px;padding-top:var(--wp--preset--spacing--small);padding-right:var(--wp--preset--spacing--small);padding-bottom:var(--wp--preset--spacing--small);padding-left:var(--wp--preset--spacing--small)\">\n<h2 class=\"wp-block-heading\">Charte graphique et logos<\/h2>\n\n\n\n<div class=\"wp-block-file\"><a id=\"wp-block-file--media-50124147-758d-4c0f-be38-353debd6d312\" href=\"https:\/\/belfortestart.com\/wp-content\/uploads\/2024\/01\/BELFORT-E-START-CHARTE-GRAPHIQUE_30-10-22.pdf\">Charte graphique de Belfort e-Start<\/a><\/div>\n\n\n\n<div class=\"wp-block-file\"><a id=\"wp-block-file--media-50124147-758d-4c0f-be38-353debd6d312\" href=\"https:\/\/belfortestart.com\/wp-content\/uploads\/2024\/01\/GrandBelfort_e-start-Logo-RVB.png\">Logo Belfort e-Start sans baseline (PNG)<\/a><\/div>\n\n\n\n<div class=\"wp-block-file\"><a id=\"wp-block-file--media-50124147-758d-4c0f-be38-353debd6d312\" href=\"https:\/\/belfortestart.com\/wp-content\/uploads\/2024\/01\/GrandBelfort_e-start-Logo-RVB.jpg\">Logo Belfort e-Start sans baseline (JPG)<\/a><\/div>\n\n\n\n<div class=\"wp-block-file\"><a id=\"wp-block-file--media-50124147-758d-4c0f-be38-353debd6d312\" href=\"https:\/\/belfortestart.com\/wp-content\/uploads\/2024\/01\/GrandBelfort_e-start-Logo-RVB-Baseline.png\">Logo Belfort e-Start avec baseline (PNG)<\/a><\/div>\n\n\n\n<div class=\"wp-block-file\"><a id=\"wp-block-file--media-50124147-758d-4c0f-be38-353debd6d312\" href=\"https:\/\/belfortestart.com\/wp-content\/uploads\/2024\/01\/GrandBelfort_e-start-Logo-RVB-Baseline.jpg\">Logo Beflort e-Start avec baseline (JPG)<\/a><\/div>\n<\/div>\n<\/div>\n<\/div>\n","protected":false},"excerpt":{"rendered":"<p>Dossiers et communiqu\u00e9s de presse 2024 &#8211; 2023 &#8211; 2022 Charte graphique et logos<\/p>\n","protected":false},"author":7,"featured_media":0,"parent":0,"menu_order":0,"comment_status":"closed","ping_status":"closed","template":"","meta":{"footnotes":""},"class_list":["post-304","page","type-page","status-publish","hentry"],"_links":{"self":[{"href":"https:\/\/belfortestart.com\/index.php\/wp-json\/wp\/v2\/pages\/304","targetHints":{"allow":["GET"]}}],"collection":[{"href":"https:\/\/belfortestart.com\/index.php\/wp-json\/wp\/v2\/pages"}],"about":[{"href":"https:\/\/belfortestart.com\/index.php\/wp-json\/wp\/v2\/types\/page"}],"author":[{"embeddable":true,"href":"https:\/\/belfortestart.com\/index.php\/wp-json\/wp\/v2\/users\/7"}],"replies":[{"embeddable":true,"href":"https:\/\/belfortestart.com\/index.php\/wp-json\/wp\/v2\/comments?post=304"}],"version-history":[{"count":19,"href":"https:\/\/belfortestart.com\/index.php\/wp-json\/wp\/v2\/pages\/304\/revisions"}],"predecessor-version":[{"id":677,"href":"https:\/\/belfortestart.com\/index.php\/wp-json\/wp\/v2\/pages\/304\/revisions\/677"}],"wp:attachment":[{"href":"https:\/\/belfortestart.com\/index.php\/wp-json\/wp\/v2\/media?parent=304"}],"curies":[{"name":"wp","href":"https:\/\/api.w.org\/{rel}","templated":true}]}}